{"id":66,"date":"2025-01-29T19:54:09","date_gmt":"2025-01-29T18:54:09","guid":{"rendered":"https:\/\/plez-loc.fr\/index.php\/boutique\/"},"modified":"2025-02-13T10:28:25","modified_gmt":"2025-02-13T09:28:25","slug":"boutique","status":"publish","type":"page","link":"https:\/\/plez-loc.fr\/index.php\/boutique\/","title":{"rendered":"Notre mat\u00e9riel \u00e0 louer"},"content":{"rendered":"<p>[et_pb_section fb_built=&#8221;1&#8243; admin_label=&#8221;Products&#8221; _builder_version=&#8221;4.20.0&#8243; _module_preset=&#8221;default&#8221; background_color=&#8221;gcid-67960745-cc0c-4d73-b86b-ef2d6023be78&#8243; collapsed=&#8221;on&#8221; global_colors_info=&#8221;{%22gcid-67960745-cc0c-4d73-b86b-ef2d6023be78%22:%91%22background_color%22%93}&#8221; theme_builder_area=&#8221;post_content&#8221;][et_pb_row _builder_version=&#8221;4.20.0&#8243; _module_preset=&#8221;default&#8221; global_colors_info=&#8221;{}&#8221; theme_builder_area=&#8221;post_content&#8221;][et_pb_column type=&#8221;4_4&#8243; _builder_version=&#8221;4.20.0&#8243; _module_preset=&#8221;default&#8221; global_colors_info=&#8221;{}&#8221; theme_builder_area=&#8221;post_content&#8221;][et_pb_text _builder_version=&#8221;4.27.4&#8243; _module_preset=&#8221;1705af72-5e46-4fa4-906b-dbac640656e3&#8243; hover_enabled=&#8221;0&#8243; global_colors_info=&#8221;{}&#8221; theme_builder_area=&#8221;post_content&#8221; sticky_enabled=&#8221;0&#8243; width=&#8221;62%&#8221; max_width=&#8221;53%&#8221; header_font_size=&#8221;62px&#8221;]<\/p>\n<h1>Boutique plez<\/h1>\n<p>[\/et_pb_text][\/et_pb_column][\/et_pb_row][et_pb_row _builder_version=&#8221;4.20.0&#8243; _module_preset=&#8221;default&#8221; global_colors_info=&#8221;{}&#8221; theme_builder_area=&#8221;post_content&#8221;][et_pb_column type=&#8221;4_4&#8243; _builder_version=&#8221;4.20.0&#8243; _module_preset=&#8221;default&#8221; global_colors_info=&#8221;{}&#8221; theme_builder_area=&#8221;post_content&#8221;][et_pb_shop type=&#8221;product_category&#8221; posts_number=&#8221;9&#8243; include_categories=&#8221;all&#8221; columns_number=&#8221;4&#8243; _builder_version=&#8221;4.27.4&#8243; _module_preset=&#8221;b0c21bd1-c423-40a2-847d-1318c3e6e80c&#8221; price_text_color=&#8221;#000000&#8243; text_orientation=&#8221;right&#8221; hover_enabled=&#8221;0&#8243; locked=&#8221;off&#8221; global_colors_info=&#8221;{%22gcid-a3412674-3498-4142-ac08-6afad8430048%22:%91%22icon_hover_color%22,%22rating_text_color%22,%22sale_badge_color%22,%22icon_hover_color%22,%22rating_text_color%22,%22icon_hover_color%22,%22rating_text_color%22,%22icon_hover_color%22,%22rating_text_color%22%93}&#8221; theme_builder_area=&#8221;post_content&#8221; show_sale_badge=&#8221;off&#8221; sticky_enabled=&#8221;0&#8243; sale_badge_color=&#8221;#000000&#8243; sale_badge_font=&#8221;Montserrat|700||on|||||&#8221; title_font=&#8221;Montserrat|||on|||||&#8221; title_font_size=&#8221;17px&#8221; title_letter_spacing=&#8221;2px&#8221; price_font=&#8221;Montserrat|300|||||||&#8221;][\/et_pb_shop][\/et_pb_column][\/et_pb_row][\/et_pb_section]<\/p>\n","protected":false},"excerpt":{"rendered":"<p>Boutique plez<\/p>\n","protected":false},"author":1,"featured_media":0,"parent":0,"menu_order":0,"comment_status":"closed","ping_status":"closed","template":"","meta":{"_et_pb_use_builder":"on","_et_pb_old_content":"<!-- wp:group {\"metadata\":{\"categories\":[\"email-contents\"],\"patternName\":\"mailpoet\/1-column-content\",\"name\":\"1 Colonne\"},\"style\":{\"spacing\":{\"padding\":{\"right\":\"var:preset|spacing|20\",\"left\":\"var:preset|spacing|20\"}}},\"layout\":{\"type\":\"constrained\"}} -->\n<div class=\"wp-block-group\" style=\"padding-right:var(--wp--preset--spacing--20);padding-left:var(--wp--preset--spacing--20)\"><!-- wp:heading -->\n<h2 class=\"wp-block-heading\">1 column layout<\/h2>\n<!-- \/wp:heading -->\n\n<!-- wp:paragraph -->\n<p>Une mise en page en une colonne est id\u00e9ale pour un contenu simplifi\u00e9 et concis, comme des annonces ou des newsletters avec de courtes mises \u00e0 jour. Faites glisser des blocs pour ajouter du contenu et personnalisez vos styles \u00e0 partir du panneau des styles situ\u00e9 en haut \u00e0 droite.<\/p>\n<!-- \/wp:paragraph -->\n\n<!-- wp:image -->\n<figure class=\"wp-block-image\"><img alt=\"\"\/><\/figure>\n<!-- \/wp:image -->\n\n<!-- wp:buttons -->\n<div class=\"wp-block-buttons\"><!-- wp:button -->\n<div class=\"wp-block-button\"><a class=\"wp-block-button__link wp-element-button\">Add button text<\/a><\/div>\n<!-- \/wp:button --><\/div>\n<!-- \/wp:buttons --><\/div>\n<!-- \/wp:group -->","_et_gb_content_width":"","footnotes":""},"class_list":["post-66","page","type-page","status-publish","hentry"],"jetpack_sharing_enabled":true,"_links":{"self":[{"href":"https:\/\/plez-loc.fr\/index.php\/wp-json\/wp\/v2\/pages\/66","targetHints":{"allow":["GET"]}}],"collection":[{"href":"https:\/\/plez-loc.fr\/index.php\/wp-json\/wp\/v2\/pages"}],"about":[{"href":"https:\/\/plez-loc.fr\/index.php\/wp-json\/wp\/v2\/types\/page"}],"author":[{"embeddable":true,"href":"https:\/\/plez-loc.fr\/index.php\/wp-json\/wp\/v2\/users\/1"}],"replies":[{"embeddable":true,"href":"https:\/\/plez-loc.fr\/index.php\/wp-json\/wp\/v2\/comments?post=66"}],"version-history":[{"count":4,"href":"https:\/\/plez-loc.fr\/index.php\/wp-json\/wp\/v2\/pages\/66\/revisions"}],"predecessor-version":[{"id":1324,"href":"https:\/\/plez-loc.fr\/index.php\/wp-json\/wp\/v2\/pages\/66\/revisions\/1324"}],"wp:attachment":[{"href":"https:\/\/plez-loc.fr\/index.php\/wp-json\/wp\/v2\/media?parent=66"}],"curies":[{"name":"wp","href":"https:\/\/api.w.org\/{rel}","templated":true}]}}