{"id":1380,"date":"2026-04-15T15:19:15","date_gmt":"2026-04-15T13:19:15","guid":{"rendered":"https:\/\/plez-loc.fr\/?post_type=product&#038;p=1380"},"modified":"2026-04-15T15:19:15","modified_gmt":"2026-04-15T13:19:15","slug":"albert-le-container","status":"publish","type":"product","link":"https:\/\/plez-loc.fr\/index.php\/produit\/albert-le-container\/","title":{"rendered":"Albert le container"},"content":{"rendered":"","protected":false},"excerpt":{"rendered":"<h3 data-start=\"92\" data-end=\"124\"><span role=\"text\">\ud83c\udf79 <strong data-start=\"99\" data-end=\"122\">Albert le Container<\/strong><\/span><\/h3>\n<p data-start=\"125\" data-end=\"163\"><strong data-start=\"125\" data-end=\"163\">Le bar mobile qui fait sensation !<\/strong><\/p>\n<p data-start=\"165\" data-end=\"352\">Vous organisez une guinguette, un \u00e9v\u00e9nement couvert ou en plein air ?<br data-start=\"234\" data-end=\"237\" \/>Apportez une touche originale et conviviale avec <strong data-start=\"286\" data-end=\"309\">Albert le Container<\/strong>, un bar am\u00e9nag\u00e9 unique et pr\u00eat \u00e0 l\u2019emploi.<\/p>\n<h4 data-start=\"359\" data-end=\"393\"><span role=\"text\">\u2728 <strong data-start=\"366\" data-end=\"393\">Ce que propose Albert :<\/strong><\/span><\/h4>\n<ul data-start=\"394\" data-end=\"675\">\n<li data-start=\"394\" data-end=\"436\">Container am\u00e9nag\u00e9 en <strong data-start=\"417\" data-end=\"436\">bar fonctionnel<\/strong><\/li>\n<li data-start=\"437\" data-end=\"554\">Id\u00e9al pour :\n<ul data-start=\"456\" data-end=\"554\">\n<li data-start=\"456\" data-end=\"481\">guinguettes couvertes<\/li>\n<li data-start=\"484\" data-end=\"497\">festivals<\/li>\n<li data-start=\"500\" data-end=\"512\">mariages<\/li>\n<li data-start=\"515\" data-end=\"554\">\u00e9v\u00e9nements priv\u00e9s ou professionnels<\/li>\n<\/ul>\n<\/li>\n<li data-start=\"555\" data-end=\"632\">Installation rapide et look atypique qui attire imm\u00e9diatement les regards<\/li>\n<li data-start=\"633\" data-end=\"675\">Espace pratique pour service de boissons<\/li>\n<\/ul>\n<h4 data-start=\"682\" data-end=\"699\"><span role=\"text\">\ud83d\udcb6 <strong data-start=\"690\" data-end=\"699\">Tarif<\/strong><\/span><\/h4>\n<p data-start=\"700\" data-end=\"719\"><strong data-start=\"700\" data-end=\"719\">350 \u20ac HT \/ jour<\/strong><\/p>\n<h4 data-start=\"726\" data-end=\"779\"><span role=\"text\">\ud83d\ude9a <strong data-start=\"734\" data-end=\"779\">Options possibles :<\/strong><\/span><\/h4>\n<ul data-start=\"780\" data-end=\"909\">\n<li data-start=\"780\" data-end=\"809\">Livraison et installation<\/li>\n<li data-start=\"810\" data-end=\"853\">\u00c9quipement bar (frigos, tireuses, etc.)<\/li>\n<li data-start=\"854\" data-end=\"909\">Personnalisation \/ d\u00e9coration selon votre \u00e9v\u00e9nement<\/li>\n<\/ul>\n","protected":false},"featured_media":1381,"template":"","meta":{"_et_pb_use_builder":"","_et_pb_old_content":"","_et_gb_content_width":""},"product_brand":[],"product_cat":[26,24,16],"product_tag":[],"class_list":{"0":"post-1380","1":"product","2":"type-product","3":"status-publish","4":"has-post-thumbnail","6":"product_cat-apero","7":"product_cat-mobilier","8":"product_cat-non-classe","10":"first","11":"instock","12":"shipping-taxable","13":"purchasable","14":"product-type-simple"},"jetpack_sharing_enabled":true,"_links":{"self":[{"href":"https:\/\/plez-loc.fr\/index.php\/wp-json\/wp\/v2\/product\/1380","targetHints":{"allow":["GET"]}}],"collection":[{"href":"https:\/\/plez-loc.fr\/index.php\/wp-json\/wp\/v2\/product"}],"about":[{"href":"https:\/\/plez-loc.fr\/index.php\/wp-json\/wp\/v2\/types\/product"}],"wp:featuredmedia":[{"embeddable":true,"href":"https:\/\/plez-loc.fr\/index.php\/wp-json\/wp\/v2\/media\/1381"}],"wp:attachment":[{"href":"https:\/\/plez-loc.fr\/index.php\/wp-json\/wp\/v2\/media?parent=1380"}],"wp:term":[{"taxonomy":"product_brand","embeddable":true,"href":"https:\/\/plez-loc.fr\/index.php\/wp-json\/wp\/v2\/product_brand?post=1380"},{"taxonomy":"product_cat","embeddable":true,"href":"https:\/\/plez-loc.fr\/index.php\/wp-json\/wp\/v2\/product_cat?post=1380"},{"taxonomy":"product_tag","embeddable":true,"href":"https:\/\/plez-loc.fr\/index.php\/wp-json\/wp\/v2\/product_tag?post=1380"}],"curies":[{"name":"wp","href":"https:\/\/api.w.org\/{rel}","templated":true}]}}