{"id":166,"date":"2025-02-04T19:47:34","date_gmt":"2025-02-04T18:47:34","guid":{"rendered":"https:\/\/plez-loc.fr\/?post_type=product&#038;p=166"},"modified":"2025-07-01T19:49:08","modified_gmt":"2025-07-01T17:49:08","slug":"tabouret-louisi","status":"publish","type":"product","link":"https:\/\/plez-loc.fr\/index.php\/produit\/tabouret-louisi\/","title":{"rendered":"Tabouret Louisi"},"content":{"rendered":"<p>[et_pb_section fb_built=&#8221;1&#8243; _builder_version=&#8221;4.27.4&#8243; background_enable_color=&#8221;off&#8221; min_height=&#8221;1039.3px&#8221; custom_margin=&#8221;67px||8px||false|false&#8221; custom_padding=&#8221;8px||8px||false|false&#8221; hover_enabled=&#8221;0&#8243; global_colors_info=&#8221;{}&#8221; custom_margin_last_edited=&#8221;on|phone&#8221; custom_margin_phone=&#8221;-38px||8px||false|false&#8221; sticky_enabled=&#8221;0&#8243; custom_margin_tablet=&#8221;67px||8px||false|false&#8221;][et_pb_row column_structure=&#8221;1_2,1_2&#8243; _builder_version=&#8221;4.27.4&#8243; background_size=&#8221;initial&#8221; background_position=&#8221;top_left&#8221; background_repeat=&#8221;repeat&#8221; z_index=&#8221;1&#8243; width=&#8221;100%&#8221; width_tablet=&#8221;100%&#8221; width_phone=&#8221;95%&#8221; width_last_edited=&#8221;on|phone&#8221; max_width=&#8221;2139px&#8221; max_width_tablet=&#8221;2242px&#8221; max_width_phone=&#8221;2307%&#8221; max_width_last_edited=&#8221;on|phone&#8221; min_height=&#8221;552px&#8221; height=&#8221;493px&#8221; max_height=&#8221;411px&#8221; custom_margin=&#8221;1px|11px||0px|false|false&#8221; custom_padding=&#8221;13px||20px|0px|false|false&#8221; module_alignment_tablet=&#8221;&#8221; module_alignment_phone=&#8221;center&#8221; module_alignment_last_edited=&#8221;on|phone&#8221; global_colors_info=&#8221;{}&#8221;][et_pb_column type=&#8221;1_2&#8243; _builder_version=&#8221;4.27.4&#8243; custom_padding=&#8221;|||&#8221; global_colors_info=&#8221;{}&#8221; custom_padding__hover=&#8221;|||&#8221;][et_pb_wc_title disabled_on=&#8221;off|on|on&#8221; _builder_version=&#8221;4.27.4&#8243; header_font=&#8221;Montserrat|||on||||#F54D23|&#8221; header_font_size=&#8221;17px&#8221; header_letter_spacing=&#8221;3px&#8221; width=&#8221;88%&#8221; custom_margin=&#8221;27px|||||&#8221; global_colors_info=&#8221;{}&#8221;][\/et_pb_wc_title][et_pb_wc_images show_product_gallery=&#8221;off&#8221; _builder_version=&#8221;4.27.4&#8243; _module_preset=&#8221;default&#8221; global_colors_info=&#8221;{}&#8221;][\/et_pb_wc_images][\/et_pb_column][et_pb_column type=&#8221;1_2&#8243; _builder_version=&#8221;4.27.4&#8243; positioning=&#8221;none&#8221; position_origin_a=&#8221;top_right&#8221; position_origin_f=&#8221;top_right&#8221; vertical_offset=&#8221;116px&#8221; horizontal_offset=&#8221;25px&#8221; z_index=&#8221;53&#8243; display_conditions=&#8221;W10=&#8221; custom_padding=&#8221;|||&#8221; sticky_limit_top=&#8221;row&#8221; sticky_limit_bottom=&#8221;section&#8221; motion_trigger_start=&#8221;top&#8221; custom_css_free_form=&#8221;selector||.element-fixe {||    position: fixed;||    top: 0;||    left: 0;||    right: 0;||    z-index: 9999; \/* Assure-toi qu&#8217;il est au-dessus des autres \u00e9l\u00e9ments *\/||}||&#8221; global_colors_info=&#8221;{}&#8221; custom_padding__hover=&#8221;|||&#8221;][et_pb_wc_title disabled_on=&#8221;on|off|off&#8221; _builder_version=&#8221;4.27.4&#8243; header_font=&#8221;Montserrat|||on||||#F54D23|&#8221; header_font_size=&#8221;17px&#8221; header_letter_spacing=&#8221;3px&#8221; width=&#8221;88%&#8221; custom_margin=&#8221;22px|||||&#8221; global_colors_info=&#8221;{}&#8221;][\/et_pb_wc_title][et_pb_divider color=&#8221;#000000&#8243; _builder_version=&#8221;4.27.4&#8243; _module_preset=&#8221;default&#8221; width=&#8221;88%&#8221; global_colors_info=&#8221;{}&#8221;][\/et_pb_divider][et_pb_text _builder_version=&#8221;4.27.4&#8243; _module_preset=&#8221;default&#8221; custom_margin=&#8221;|||51px||&#8221; custom_margin_tablet=&#8221;|||51px||&#8221; custom_margin_phone=&#8221;|||27px|false|false&#8221; custom_margin_last_edited=&#8221;on|phone&#8221; hover_enabled=&#8221;0&#8243; global_colors_info=&#8221;{}&#8221; sticky_enabled=&#8221;0&#8243;]<\/p>\n<p>BOIS &#8211; ACIER<\/p>\n<p>[\/et_pb_text][et_pb_wc_description _builder_version=&#8221;4.27.4&#8243; body_font=&#8221;Montserrat|300||on|||||&#8221; body_text_color=&#8221;#000000&#8243; body_letter_spacing=&#8221;1px&#8221; z_index=&#8221;500&#8243; width=&#8221;88%&#8221; custom_margin=&#8221;|||51px||&#8221; custom_margin_tablet=&#8221;|||51px||&#8221; custom_margin_phone=&#8221;|27px|30px|27px|false|true&#8221; custom_margin_last_edited=&#8221;on|phone&#8221; hover_enabled=&#8221;0&#8243; global_colors_info=&#8221;{}&#8221; sticky_enabled=&#8221;0&#8243;][\/et_pb_wc_description][et_pb_wc_add_to_cart _builder_version=&#8221;4.27.4&#8243; _module_preset=&#8221;default&#8221; field_label_font=&#8221;ABeeZee|700|||||||&#8221; field_label_text_color=&#8221;#000000&#8243; custom_margin=&#8221;|||46px||&#8221; custom_margin_tablet=&#8221;|||46px||&#8221; custom_margin_phone=&#8221;|||18px|false|false&#8221; custom_margin_last_edited=&#8221;on|phone&#8221; custom_padding=&#8221;26px|||||&#8221; hover_enabled=&#8221;0&#8243; global_colors_info=&#8221;{}&#8221; field_label_position=&#8221;stacked&#8221; sticky_enabled=&#8221;0&#8243;][\/et_pb_wc_add_to_cart][et_pb_wc_price _builder_version=&#8221;4.27.4&#8243; body_font=&#8221;Montserrat|300||on|||||&#8221; body_text_color=&#8221;#000000&#8243; body_font_size=&#8221;21px&#8221; body_letter_spacing=&#8221;6px&#8221; z_index=&#8221;500&#8243; custom_margin=&#8221;||13px|66px||&#8221; custom_margin_tablet=&#8221;||13px|66px||&#8221; custom_margin_phone=&#8221;||0px|16px|false|false&#8221; custom_margin_last_edited=&#8221;on|phone&#8221; hover_enabled=&#8221;0&#8243; global_colors_info=&#8221;{}&#8221; text_orientation_last_edited=&#8221;on|phone&#8221; text_orientation_phone=&#8221;left&#8221; sticky_enabled=&#8221;0&#8243; body_font_size_last_edited=&#8221;on|phone&#8221; body_font_size_phone=&#8221;19px&#8221; body_font_size_tablet=&#8221;21px&#8221;][\/et_pb_wc_price][et_pb_wc_upsells sale_badge_color=&#8221;#F54D23&#8243; _builder_version=&#8221;4.27.4&#8243; width=&#8221;57%&#8221; max_width=&#8221;58%&#8221; global_colors_info=&#8221;{}&#8221;][\/et_pb_wc_upsells][\/et_pb_column][\/et_pb_row][et_pb_row column_structure=&#8221;1_2,1_2&#8243; _builder_version=&#8221;4.27.4&#8243; _module_preset=&#8221;default&#8221; width=&#8221;100%&#8221; max_width=&#8221;2560px&#8221; custom_margin=&#8221;|27px||auto||&#8221; global_colors_info=&#8221;{}&#8221;][et_pb_column type=&#8221;1_2&#8243; _builder_version=&#8221;4.27.4&#8243; _module_preset=&#8221;default&#8221; global_colors_info=&#8221;{}&#8221;][et_pb_text _builder_version=&#8221;4.27.4&#8243; _module_preset=&#8221;default&#8221; text_font=&#8221;&#8211;et_global_body_font|300||on|||||&#8221; text_orientation=&#8221;justified&#8221; custom_margin=&#8221;41px|61px||61px|false|true&#8221; custom_margin_tablet=&#8221;|46px||135px|false|false&#8221; custom_margin_phone=&#8221;|26px||27px|false|false&#8221; custom_margin_last_edited=&#8221;on|phone&#8221; hover_enabled=&#8221;0&#8243; global_colors_info=&#8221;{}&#8221; sticky_enabled=&#8221;0&#8243; text_font_size_last_edited=&#8221;on|phone&#8221; text_font_size_phone=&#8221;9px&#8221;]<\/p>\n<p><span>Louer avec <strong>Plez<\/strong> ? C\u2019est super simple ! Vous ajoutez les produits de vos r\u00eaves dans le panier, vous passez \u00e0 la page suivante pour remplir notre petit <strong>questionnaire<\/strong> (vous pouvez m\u00eame t\u00e9l\u00e9charger votre devis en <strong>PDF<\/strong> si besoin), vous nous indiquez la date de votre \u00e9v\u00e9nement, un petit mot <strong>sympa<\/strong> pour nous parler de votre projet, et on \u00e9change ensemble par mail pour peaufiner tout \u00e7a. <\/span><\/p>\n<p><span><\/span><\/p>\n<p><span>Si un produit n\u2019est plus dispo, pas de panique, un coup de fil et on vous trouve peut-\u00eatre un rempla\u00e7ant tout aussi chouette. <\/span><\/p>\n<p><span><\/span><\/p>\n<p><span>Bonne recherche et surtout&#8230; <strong>amusez-vous bien !<\/strong><\/span><\/p>\n<p>[\/et_pb_text][et_pb_wc_add_to_cart _builder_version=&#8221;4.27.4&#8243; _module_preset=&#8221;default&#8221; field_label_font=&#8221;ABeeZee|700|||||||&#8221; field_label_text_color=&#8221;#000000&#8243; field_label_letter_spacing=&#8221;15px&#8221; width=&#8221;98.9%&#8221; custom_margin=&#8221;|57px||57px||false&#8221; custom_margin_tablet=&#8221;|57px||57px||false&#8221; custom_margin_phone=&#8221;|0px||0px|false|false&#8221; custom_margin_last_edited=&#8221;on|phone&#8221; hover_enabled=&#8221;0&#8243; global_colors_info=&#8221;{}&#8221; disabled_on=&#8221;on|off|off&#8221; sticky_enabled=&#8221;0&#8243;][\/et_pb_wc_add_to_cart][\/et_pb_column][et_pb_column type=&#8221;1_2&#8243; _builder_version=&#8221;4.27.4&#8243; _module_preset=&#8221;default&#8221; global_colors_info=&#8221;{}&#8221;][et_pb_image src=&#8221;https:\/\/plez-loc.fr\/wp-content\/uploads\/2025\/04\/2U5A5011-2-scaled.jpg&#8221; title_text=&#8221;2U5A5011-2&#8243; align_tablet=&#8221;&#8221; align_phone=&#8221;center&#8221; align_last_edited=&#8221;on|phone&#8221; _builder_version=&#8221;4.27.4&#8243; _module_preset=&#8221;default&#8221; width=&#8221;100%&#8221; width_tablet=&#8221;100%&#8221; width_phone=&#8221;93%&#8221; width_last_edited=&#8221;on|phone&#8221; max_width=&#8221;91%&#8221; module_alignment=&#8221;right&#8221; custom_margin=&#8221;-372px|-43px||-28px|false|false&#8221; custom_margin_tablet=&#8221;-372px|-43px||-28px|false|false&#8221; custom_margin_phone=&#8221;0px|0px||0px|false|false&#8221; custom_margin_last_edited=&#8221;on|phone&#8221; custom_padding=&#8221;|0px||||&#8221; module_alignment_tablet=&#8221;right&#8221; module_alignment_phone=&#8221;center&#8221; module_alignment_last_edited=&#8221;on|phone&#8221; border_radii=&#8221;on|6px|6px|6px|6px&#8221; border_width_all=&#8221;2px&#8221; border_color_all=&#8221;#000000&#8243; global_colors_info=&#8221;{}&#8221;][\/et_pb_image][\/et_pb_column][\/et_pb_row][\/et_pb_section]<\/p>\n","protected":false},"excerpt":{"rendered":"<p>Ajoute une touche d\u2019\u00e9l\u00e9gance naturelle \u00e0 ton \u00e9v\u00e9nement avec le <strong>tabouret Louisa<\/strong>\u202f!<br \/>\nCon\u00e7u en bois massif et travaill\u00e9 avec finesse, ce tabouret est \u00e0 la fois minimaliste et chic. Il s\u2019adapte parfaitement \u00e0 tous les d\u00e9cors, que ce soit pour un mariage boh\u00e8me, une garden party, ou un d\u00eener aux chandelles.<\/p>\n","protected":false},"featured_media":16,"template":"","meta":{"_et_pb_use_builder":"on","_et_pb_old_content":"","_et_gb_content_width":""},"product_brand":[],"product_cat":[27,24],"product_tag":[],"class_list":{"0":"post-166","1":"product","2":"type-product","3":"status-publish","4":"has-post-thumbnail","6":"product_cat-decoration","7":"product_cat-mobilier","9":"first","10":"instock","11":"shipping-taxable","12":"purchasable","13":"product-type-simple"},"jetpack_sharing_enabled":true,"_links":{"self":[{"href":"https:\/\/plez-loc.fr\/index.php\/wp-json\/wp\/v2\/product\/166","targetHints":{"allow":["GET"]}}],"collection":[{"href":"https:\/\/plez-loc.fr\/index.php\/wp-json\/wp\/v2\/product"}],"about":[{"href":"https:\/\/plez-loc.fr\/index.php\/wp-json\/wp\/v2\/types\/product"}],"wp:featuredmedia":[{"embeddable":true,"href":"https:\/\/plez-loc.fr\/index.php\/wp-json\/wp\/v2\/media\/16"}],"wp:attachment":[{"href":"https:\/\/plez-loc.fr\/index.php\/wp-json\/wp\/v2\/media?parent=166"}],"wp:term":[{"taxonomy":"product_brand","embeddable":true,"href":"https:\/\/plez-loc.fr\/index.php\/wp-json\/wp\/v2\/product_brand?post=166"},{"taxonomy":"product_cat","embeddable":true,"href":"https:\/\/plez-loc.fr\/index.php\/wp-json\/wp\/v2\/product_cat?post=166"},{"taxonomy":"product_tag","embeddable":true,"href":"https:\/\/plez-loc.fr\/index.php\/wp-json\/wp\/v2\/product_tag?post=166"}],"curies":[{"name":"wp","href":"https:\/\/api.w.org\/{rel}","templated":true}]}}